{"id":1294,"date":"2024-04-02T08:03:27","date_gmt":"2024-04-02T08:03:27","guid":{"rendered":"https:\/\/kioskdigital.net\/?page_id=1294"},"modified":"2024-05-22T14:52:47","modified_gmt":"2024-05-22T14:52:47","slug":"obrigado","status":"publish","type":"page","link":"https:\/\/kioskdigital.net\/index.php\/contacto\/obrigado\/","title":{"rendered":"Obrigado"},"content":{"rendered":"\t\t<div data-elementor-type=\"wp-page\" data-elementor-id=\"1294\" class=\"elementor elementor-1294\">\n\t\t\t\t<div class=\"elementor-element elementor-element-563d78d e-flex e-con-boxed e-con e-parent\" data-id=\"563d78d\" data-element_type=\"container\">\n\t\t\t\t\t<div class=\"e-con-inner\">\n\t\t\t\t<div class=\"elementor-element elementor-element-85b17c7 elementor-widget__width-initial elementor-widget elementor-widget-image\" data-id=\"85b17c7\" data-element_type=\"widget\" data-widget_type=\"image.default\">\n\t\t\t\t<div class=\"elementor-widget-container\">\n\t\t\t\t\t\t\t\t\t\t\t\t\t\t\t<img fetchpriority=\"high\" decoding=\"async\" width=\"512\" height=\"512\" src=\"https:\/\/kioskdigital.net\/wp-content\/uploads\/2024\/04\/message-min.png\" class=\"attachment-full size-full wp-image-1309\" alt=\"message-min\" srcset=\"https:\/\/kioskdigital.net\/wp-content\/uploads\/2024\/04\/message-min.png 512w, https:\/\/kioskdigital.net\/wp-content\/uploads\/2024\/04\/message-min-300x300.png 300w, https:\/\/kioskdigital.net\/wp-content\/uploads\/2024\/04\/message-min-150x150.png 150w\" sizes=\"(max-width: 512px) 100vw, 512px\" \/>\t\t\t\t\t\t\t\t\t\t\t\t\t\t\t<\/div>\n\t\t\t\t<\/div>\n\t\t\t\t<div class=\"elementor-element elementor-element-e2a4974 elementor-invisible elementor-widget elementor-widget-heading\" data-id=\"e2a4974\" data-element_type=\"widget\" data-settings=\"{&quot;_animation&quot;:&quot;fadeIn&quot;}\" data-widget_type=\"heading.default\">\n\t\t\t\t<div class=\"elementor-widget-container\">\n\t\t\t\t\t<h1 class=\"elementor-heading-title elementor-size-default\">MUITO OBRIGADO<\/h1>\t\t\t\t<\/div>\n\t\t\t\t<\/div>\n\t\t\t\t<div class=\"elementor-element elementor-element-eef0644 elementor-invisible elementor-widget elementor-widget-text-editor\" data-id=\"eef0644\" data-element_type=\"widget\" data-settings=\"{&quot;_animation&quot;:&quot;fadeIn&quot;}\" data-widget_type=\"text-editor.default\">\n\t\t\t\t<div class=\"elementor-widget-container\">\n\t\t\t\t\t\t\t\t\t<p>FORMUL\u00c1RIO SUBMETIDO COM SUCESSO.<\/p>\t\t\t\t\t\t\t\t<\/div>\n\t\t\t\t<\/div>\n\t\t\t\t<div class=\"elementor-element elementor-element-fe44eda elementor-invisible elementor-widget elementor-widget-text-editor\" data-id=\"fe44eda\" data-element_type=\"widget\" data-settings=\"{&quot;_animation&quot;:&quot;fadeIn&quot;}\" data-widget_type=\"text-editor.default\">\n\t\t\t\t<div class=\"elementor-widget-container\">\n\t\t\t\t\t\t\t\t\t<p><strong>Faremos uma an\u00e1lise cuidadosa do seu pedido e responderemos com a maior brevidade poss\u00edvel.<\/strong><br \/><em><strong>Agradecemos a sua prefer\u00eancia. Estamos dispon\u00edveis para esclarecer qualquer d\u00favida que possa surgir pelos contactos dispon\u00edveis.<\/strong><\/em><br \/><br \/><br \/><em><strong>At\u00e9 breve!<\/strong><\/em><\/p>\t\t\t\t\t\t\t\t<\/div>\n\t\t\t\t<\/div>\n\t\t\t\t\t<\/div>\n\t\t\t\t<\/div>\n\t\t\t\t<\/div>\n\t\t","protected":false},"excerpt":{"rendered":"<p>MUITO OBRIGADO FORMUL\u00c1RIO SUBMETIDO COM SUCESSO. Faremos uma an\u00e1lise cuidadosa do seu pedido e responderemos com a maior brevidade poss\u00edvel.Agradecemos a sua prefer\u00eancia. Estamos dispon\u00edveis para esclarecer qualquer d\u00favida que possa surgir pelos contactos dispon\u00edveis. At\u00e9 breve!<\/p>\n","protected":false},"author":1,"featured_media":0,"parent":636,"menu_order":0,"comment_status":"closed","ping_status":"closed","template":"elementor_header_footer","meta":{"footnotes":""},"class_list":["post-1294","page","type-page","status-publish","hentry"],"_links":{"self":[{"href":"https:\/\/kioskdigital.net\/index.php\/wp-json\/wp\/v2\/pages\/1294","targetHints":{"allow":["GET"]}}],"collection":[{"href":"https:\/\/kioskdigital.net\/index.php\/wp-json\/wp\/v2\/pages"}],"about":[{"href":"https:\/\/kioskdigital.net\/index.php\/wp-json\/wp\/v2\/types\/page"}],"author":[{"embeddable":true,"href":"https:\/\/kioskdigital.net\/index.php\/wp-json\/wp\/v2\/users\/1"}],"replies":[{"embeddable":true,"href":"https:\/\/kioskdigital.net\/index.php\/wp-json\/wp\/v2\/comments?post=1294"}],"version-history":[{"count":28,"href":"https:\/\/kioskdigital.net\/index.php\/wp-json\/wp\/v2\/pages\/1294\/revisions"}],"predecessor-version":[{"id":1324,"href":"https:\/\/kioskdigital.net\/index.php\/wp-json\/wp\/v2\/pages\/1294\/revisions\/1324"}],"up":[{"embeddable":true,"href":"https:\/\/kioskdigital.net\/index.php\/wp-json\/wp\/v2\/pages\/636"}],"wp:attachment":[{"href":"https:\/\/kioskdigital.net\/index.php\/wp-json\/wp\/v2\/media?parent=1294"}],"curies":[{"name":"wp","href":"https:\/\/api.w.org\/{rel}","templated":true}]}}